{"id":18,"date":"2018-06-28T11:20:03","date_gmt":"2018-06-28T09:20:03","guid":{"rendered":"http:\/\/stelzer-bbd.de\/?page_id=18"},"modified":"2018-06-28T12:05:19","modified_gmt":"2018-06-28T10:05:19","slug":"impressum","status":"publish","type":"page","link":"https:\/\/stelzer-bbd.de\/","title":{"rendered":"Impressum"},"content":{"rendered":"<p>Eva Stelzer<br \/>\nBuchf\u00fchrungs* &#8211; und B\u00fcrodienstleistungen<br \/>\n*Buchen lfd. Gesch\u00e4ftsvorf\u00e4lle<br \/>\nFranz\u00f6sische Str. 12<br \/>\n10117 Berlin<\/p>\n<p>Tel: 030 &#8211; 201 88 332<br \/>\nFax: 030 &#8211; 20 188 575<br \/>\nMail: e.stelzer@stelzer-bbd.de<\/p>\n","protected":false},"excerpt":{"rendered":"<p>Eva Stelzer Buchf\u00fchrungs* &#8211; und B\u00fcrodienstleistungen *Buchen lfd. Gesch\u00e4ftsvorf\u00e4lle Franz\u00f6sische Str. 12 10117 Berlin Tel: 030 &#8211; 201 88 332 Fax: 030 &#8211; 20 188 575 Mail: e.stelzer@stelzer-bbd.de<\/p>\n","protected":false},"author":1,"featured_media":0,"parent":0,"menu_order":0,"comment_status":"closed","ping_status":"closed","template":"","meta":[],"_links":{"self":[{"href":"https:\/\/stelzer-bbd.de\/index.php?rest_route=\/wp\/v2\/pages\/18"}],"collection":[{"href":"https:\/\/stelzer-bbd.de\/index.php?rest_route=\/wp\/v2\/pages"}],"about":[{"href":"https:\/\/stelzer-bbd.de\/index.php?rest_route=\/wp\/v2\/types\/page"}],"author":[{"embeddable":true,"href":"https:\/\/stelzer-bbd.de\/index.php?rest_route=\/wp\/v2\/users\/1"}],"replies":[{"embeddable":true,"href":"https:\/\/stelzer-bbd.de\/index.php?rest_route=%2Fwp%2Fv2%2Fcomments&post=18"}],"version-history":[{"count":3,"href":"https:\/\/stelzer-bbd.de\/index.php?rest_route=\/wp\/v2\/pages\/18\/revisions"}],"predecessor-version":[{"id":30,"href":"https:\/\/stelzer-bbd.de\/index.php?rest_route=\/wp\/v2\/pages\/18\/revisions\/30"}],"wp:attachment":[{"href":"https:\/\/stelzer-bbd.de\/index.php?rest_route=%2Fwp%2Fv2%2Fmedia&parent=18"}],"curies":[{"name":"wp","href":"https:\/\/api.w.org\/{rel}","templated":true}]}}